{"id":1181,"date":"2020-01-27T23:49:42","date_gmt":"2020-01-27T22:49:42","guid":{"rendered":"https:\/\/www.impostino.com\/la-cantina\/"},"modified":"2024-10-03T14:31:46","modified_gmt":"2024-10-03T12:31:46","slug":"la-cantina","status":"publish","type":"page","link":"https:\/\/www.impostino.com\/de\/la-cantina\/","title":{"rendered":"Der Weinkeller"},"content":{"rendered":"","protected":false},"excerpt":{"rendered":"","protected":false},"author":1,"featured_media":0,"parent":0,"menu_order":0,"comment_status":"closed","ping_status":"closed","template":"page-cantina.php","meta":{"_acf_changed":false,"footnotes":""},"class_list":["post-1181","page","type-page","status-publish","hentry"],"acf":[],"yoast_head":"<!-- This site is optimized with the Yoast SEO plugin v27.4 - https:\/\/yoast.com\/product\/yoast-seo-wordpress\/ -->\n<title>Der Weinkeller - Antico Casale L&#039;Impostino<\/title>\n<meta name=\"description\" content=\"Rispettiamo la nostra terra, la curiamo con passione. Manualit\u00e0, salubrit\u00e0, bio, cultura. Solo cos\u00ed garantiamo una qualit\u00e0 unica a tutti i nostri vini.\" \/>\n<meta name=\"robots\" content=\"index, follow, max-snippet:-1, max-image-preview:large, max-video-preview:-1\" \/>\n<link rel=\"canonical\" href=\"https:\/\/www.impostino.com\/de\/la-cantina\/\" \/>\n<meta property=\"og:locale\" content=\"de_DE\" \/>\n<meta property=\"og:type\" content=\"article\" \/>\n<meta property=\"og:title\" content=\"Der Weinkeller - Antico Casale L&#039;Impostino\" \/>\n<meta property=\"og:description\" content=\"Rispettiamo la nostra terra, la curiamo con passione. Manualit\u00e0, salubrit\u00e0, bio, cultura. Solo cos\u00ed garantiamo una qualit\u00e0 unica a tutti i nostri vini.\" \/>\n<meta property=\"og:url\" content=\"https:\/\/www.impostino.com\/de\/la-cantina\/\" \/>\n<meta property=\"og:site_name\" content=\"Antico Casale L&#039;Impostino\" \/>\n<meta property=\"article:modified_time\" content=\"2024-10-03T12:31:46+00:00\" \/>\n<meta name=\"twitter:card\" content=\"summary_large_image\" \/>\n<script type=\"application\/ld+json\" class=\"yoast-schema-graph\">{\"@context\":\"https:\\\/\\\/schema.org\",\"@graph\":[{\"@type\":\"WebPage\",\"@id\":\"https:\\\/\\\/www.impostino.com\\\/de\\\/la-cantina\\\/\",\"url\":\"https:\\\/\\\/www.impostino.com\\\/de\\\/la-cantina\\\/\",\"name\":\"Der Weinkeller - Antico Casale L&#039;Impostino\",\"isPartOf\":{\"@id\":\"https:\\\/\\\/www.impostino.com\\\/#website\"},\"datePublished\":\"2020-01-27T22:49:42+00:00\",\"dateModified\":\"2024-10-03T12:31:46+00:00\",\"description\":\"Rispettiamo la nostra terra, la curiamo con passione. Manualit\u00e0, salubrit\u00e0, bio, cultura. Solo cos\u00ed garantiamo una qualit\u00e0 unica a tutti i nostri vini.\",\"breadcrumb\":{\"@id\":\"https:\\\/\\\/www.impostino.com\\\/de\\\/la-cantina\\\/#breadcrumb\"},\"inLanguage\":\"de\",\"potentialAction\":[{\"@type\":\"ReadAction\",\"target\":[\"https:\\\/\\\/www.impostino.com\\\/de\\\/la-cantina\\\/\"]}]},{\"@type\":\"BreadcrumbList\",\"@id\":\"https:\\\/\\\/www.impostino.com\\\/de\\\/la-cantina\\\/#breadcrumb\",\"itemListElement\":[{\"@type\":\"ListItem\",\"position\":1,\"name\":\"Home\",\"item\":\"https:\\\/\\\/www.impostino.com\\\/de\\\/\"},{\"@type\":\"ListItem\",\"position\":2,\"name\":\"Der Weinkeller\"}]},{\"@type\":\"WebSite\",\"@id\":\"https:\\\/\\\/www.impostino.com\\\/#website\",\"url\":\"https:\\\/\\\/www.impostino.com\\\/\",\"name\":\"Antico Casale L&#039;Impostino\",\"description\":\"Ospitalit\u00e0 Toscana\",\"potentialAction\":[{\"@type\":\"SearchAction\",\"target\":{\"@type\":\"EntryPoint\",\"urlTemplate\":\"https:\\\/\\\/www.impostino.com\\\/?s={search_term_string}\"},\"query-input\":{\"@type\":\"PropertyValueSpecification\",\"valueRequired\":true,\"valueName\":\"search_term_string\"}}],\"inLanguage\":\"de\"}]}<\/script>\n<!-- \/ Yoast SEO plugin. -->","yoast_head_json":{"title":"Der Weinkeller - Antico Casale L&#039;Impostino","description":"Rispettiamo la nostra terra, la curiamo con passione. Manualit\u00e0, salubrit\u00e0, bio, cultura. Solo cos\u00ed garantiamo una qualit\u00e0 unica a tutti i nostri vini.","robots":{"index":"index","follow":"follow","max-snippet":"max-snippet:-1","max-image-preview":"max-image-preview:large","max-video-preview":"max-video-preview:-1"},"canonical":"https:\/\/www.impostino.com\/de\/la-cantina\/","og_locale":"de_DE","og_type":"article","og_title":"Der Weinkeller - Antico Casale L&#039;Impostino","og_description":"Rispettiamo la nostra terra, la curiamo con passione. Manualit\u00e0, salubrit\u00e0, bio, cultura. Solo cos\u00ed garantiamo una qualit\u00e0 unica a tutti i nostri vini.","og_url":"https:\/\/www.impostino.com\/de\/la-cantina\/","og_site_name":"Antico Casale L&#039;Impostino","article_modified_time":"2024-10-03T12:31:46+00:00","twitter_card":"summary_large_image","schema":{"@context":"https:\/\/schema.org","@graph":[{"@type":"WebPage","@id":"https:\/\/www.impostino.com\/de\/la-cantina\/","url":"https:\/\/www.impostino.com\/de\/la-cantina\/","name":"Der Weinkeller - Antico Casale L&#039;Impostino","isPartOf":{"@id":"https:\/\/www.impostino.com\/#website"},"datePublished":"2020-01-27T22:49:42+00:00","dateModified":"2024-10-03T12:31:46+00:00","description":"Rispettiamo la nostra terra, la curiamo con passione. Manualit\u00e0, salubrit\u00e0, bio, cultura. Solo cos\u00ed garantiamo una qualit\u00e0 unica a tutti i nostri vini.","breadcrumb":{"@id":"https:\/\/www.impostino.com\/de\/la-cantina\/#breadcrumb"},"inLanguage":"de","potentialAction":[{"@type":"ReadAction","target":["https:\/\/www.impostino.com\/de\/la-cantina\/"]}]},{"@type":"BreadcrumbList","@id":"https:\/\/www.impostino.com\/de\/la-cantina\/#breadcrumb","itemListElement":[{"@type":"ListItem","position":1,"name":"Home","item":"https:\/\/www.impostino.com\/de\/"},{"@type":"ListItem","position":2,"name":"Der Weinkeller"}]},{"@type":"WebSite","@id":"https:\/\/www.impostino.com\/#website","url":"https:\/\/www.impostino.com\/","name":"Antico Casale L&#039;Impostino","description":"Ospitalit\u00e0 Toscana","potentialAction":[{"@type":"SearchAction","target":{"@type":"EntryPoint","urlTemplate":"https:\/\/www.impostino.com\/?s={search_term_string}"},"query-input":{"@type":"PropertyValueSpecification","valueRequired":true,"valueName":"search_term_string"}}],"inLanguage":"de"}]}},"_links":{"self":[{"href":"https:\/\/www.impostino.com\/de\/wp-json\/wp\/v2\/pages\/1181","targetHints":{"allow":["GET"]}}],"collection":[{"href":"https:\/\/www.impostino.com\/de\/wp-json\/wp\/v2\/pages"}],"about":[{"href":"https:\/\/www.impostino.com\/de\/wp-json\/wp\/v2\/types\/page"}],"author":[{"embeddable":true,"href":"https:\/\/www.impostino.com\/de\/wp-json\/wp\/v2\/users\/1"}],"replies":[{"embeddable":true,"href":"https:\/\/www.impostino.com\/de\/wp-json\/wp\/v2\/comments?post=1181"}],"version-history":[{"count":3,"href":"https:\/\/www.impostino.com\/de\/wp-json\/wp\/v2\/pages\/1181\/revisions"}],"predecessor-version":[{"id":4866,"href":"https:\/\/www.impostino.com\/de\/wp-json\/wp\/v2\/pages\/1181\/revisions\/4866"}],"wp:attachment":[{"href":"https:\/\/www.impostino.com\/de\/wp-json\/wp\/v2\/media?parent=1181"}],"curies":[{"name":"wp","href":"https:\/\/api.w.org\/{rel}","templated":true}]}}